{"id":6239,"date":"2023-03-22T11:47:34","date_gmt":"2023-03-22T10:47:34","guid":{"rendered":"https:\/\/vermee.com\/?page_id=6239"},"modified":"2026-02-19T16:57:50","modified_gmt":"2026-02-19T15:57:50","slug":"tiernahrung-verpacken","status":"publish","type":"page","link":"https:\/\/vermee.com\/de\/tiernahrung-verpacken\/","title":{"rendered":"Verpackung von Tiernahrung"},"content":{"rendered":"[vc_row type=&#8220;full_width_content&#8220; full_screen_row_position=&#8220;middle&#8220; column_margin=&#8220;default&#8220; column_direction=&#8220;default&#8220; column_direction_tablet=&#8220;default&#8220; column_direction_phone=&#8220;default&#8220; bg_image=&#8220;3093&#8243; bg_position=&#8220;left top&#8220; bg_repeat=&#8220;no-repeat&#8220; scene_position=&#8220;center&#8220; top_padding=&#8220;8%&#8220; bottom_padding=&#8220;12%&#8220; text_color=&#8220;dark&#8220; text_align=&#8220;left&#8220; row_border_radius=&#8220;none&#8220; row_border_radius_applies=&#8220;bg&#8220; class=&#8220;hero-row&#8220; overlay_strength=&#8220;0.3&#8243; gradient_direction=&#8220;left_to_right&#8220; shape_divider_position=&#8220;bottom&#8220; bg_image_animation=&#8220;none&#8220; shape_type=&#8220;&#8220;][vc_column column_padding=&#8220;no-extra-padding&#8220; column_padding_tablet=&#8220;inherit&#8220; column_padding_phone=&#8220;inherit&#8220; column_padding_position=&#8220;all&#8220; centered_text=&#8220;true&#8220; background_color_opacity=&#8220;1&#8243; background_hover_color_opacity=&#8220;1&#8243; column_shadow=&#8220;none&#8220; column_border_radius=&#8220;none&#8220; column_link_target=&#8220;_self&#8220; gradient_direction=&#8220;left_to_right&#8220; overlay_strength=&#8220;0.3&#8243; width=&#8220;1\/1&#8243; tablet_width_inherit=&#8220;default&#8220; tablet_text_alignment=&#8220;default&#8220; phone_text_alignment=&#8220;default&#8220; column_border_width=&#8220;none&#8220; column_border_style=&#8220;solid&#8220; bg_image_animation=&#8220;none&#8220;][nectar_animated_title heading_tag=&#8220;h2&#8243; style=&#8220;color-strip-reveal&#8220; color=&#8220;Accent-Color&#8220; text=&#8220;Verpackung von Tiernahrung&#8220;][nectar_animated_title heading_tag=&#8220;h6&#8243; style=&#8220;color-strip-reveal&#8220; color=&#8220;Accent-Color&#8220; text=&#8220;Mit Chub-Verpackungsanlagen von Vermee&#8220;][\/vc_column][\/vc_row][vc_row type=&#8220;full_width_background&#8220; full_screen_row_position=&#8220;middle&#8220; column_margin=&#8220;default&#8220; column_direction=&#8220;default&#8220; column_direction_tablet=&#8220;default&#8220; column_direction_phone=&#8220;default&#8220; bg_color=&#8220;#ffffff&#8220; scene_position=&#8220;center&#8220; top_padding=&#8220;0&#8243; bottom_padding=&#8220;0&#8243; text_color=&#8220;dark&#8220; text_align=&#8220;left&#8220; row_border_radius=&#8220;none&#8220; row_border_radius_applies=&#8220;bg&#8220; id=&#8220;Tiernahrung&#8220; overlay_strength=&#8220;0.3&#8243; gradient_direction=&#8220;left_to_right&#8220; shape_divider_position=&#8220;bottom&#8220; bg_image_animation=&#8220;none&#8220; shape_type=&#8220;&#8220;][vc_column column_padding=&#8220;no-extra-padding&#8220; column_padding_tablet=&#8220;inherit&#8220; column_padding_phone=&#8220;inherit&#8220; column_padding_position=&#8220;all&#8220; background_color_opacity=&#8220;1&#8243; background_hover_color_opacity=&#8220;1&#8243; column_shadow=&#8220;none&#8220; column_border_radius=&#8220;none&#8220; column_link_target=&#8220;_self&#8220; gradient_direction=&#8220;left_to_right&#8220; overlay_strength=&#8220;0.3&#8243; width=&#8220;1\/1&#8243; tablet_width_inherit=&#8220;default&#8220; tablet_text_alignment=&#8220;default&#8220; phone_text_alignment=&#8220;default&#8220; column_border_width=&#8220;none&#8220; column_border_style=&#8220;solid&#8220; bg_image_animation=&#8220;none&#8220; enable_animation=&#8220;true&#8220; animation=&#8220;fade-in&#8220; delay=&#8220;0&#8243;][divider line_type=&#8220;No Line&#8220; custom_height=&#8220;64&#8243;][\/vc_column][\/vc_row][vc_row type=&#8220;full_width_background&#8220; full_screen_row_position=&#8220;middle&#8220; column_margin=&#8220;default&#8220; column_direction=&#8220;default&#8220; column_direction_tablet=&#8220;default&#8220; column_direction_phone=&#8220;default&#8220; bg_color=&#8220;#ffffff&#8220; scene_position=&#8220;center&#8220; bottom_padding=&#8220;60&#8243; text_color=&#8220;dark&#8220; text_align=&#8220;left&#8220; row_border_radius=&#8220;none&#8220; row_border_radius_applies=&#8220;bg&#8220; overlay_strength=&#8220;0.3&#8243; gradient_direction=&#8220;left_to_right&#8220; shape_divider_position=&#8220;bottom&#8220; bg_image_animation=&#8220;none&#8220; shape_type=&#8220;&#8220;][vc_column column_padding=&#8220;no-extra-padding&#8220; column_padding_tablet=&#8220;inherit&#8220; column_padding_phone=&#8220;inherit&#8220; column_padding_position=&#8220;all&#8220; background_color_opacity=&#8220;1&#8243; background_hover_color_opacity=&#8220;1&#8243; column_shadow=&#8220;none&#8220; column_border_radius=&#8220;none&#8220; column_link_target=&#8220;_self&#8220; gradient_direction=&#8220;left_to_right&#8220; overlay_strength=&#8220;0.3&#8243; width=&#8220;1\/3&#8243; tablet_width_inherit=&#8220;default&#8220; tablet_text_alignment=&#8220;default&#8220; phone_text_alignment=&#8220;default&#8220; column_border_width=&#8220;none&#8220; column_border_style=&#8220;solid&#8220; bg_image_animation=&#8220;none&#8220;][image_with_animation image_url=&#8220;3926&#8243; animation=&#8220;Fade In&#8220; hover_animation=&#8220;none&#8220; alignment=&#8220;&#8220; border_radius=&#8220;none&#8220; box_shadow=&#8220;none&#8220; image_loading=&#8220;default&#8220; max_width=&#8220;100%&#8220; max_width_mobile=&#8220;default&#8220;][divider line_type=&#8220;No Line&#8220; custom_height=&#8220;16&#8243;][image_with_animation image_url=&#8220;3092&#8243; animation=&#8220;Fade In&#8220; hover_animation=&#8220;none&#8220; alignment=&#8220;&#8220; border_radius=&#8220;none&#8220; box_shadow=&#8220;none&#8220; image_loading=&#8220;default&#8220; max_width=&#8220;100%&#8220; max_width_mobile=&#8220;default&#8220;][divider line_type=&#8220;No Line&#8220; custom_height=&#8220;16&#8243;][image_with_animation image_url=&#8220;3922&#8243; animation=&#8220;Fade In&#8220; hover_animation=&#8220;none&#8220; alignment=&#8220;&#8220; border_radius=&#8220;none&#8220; box_shadow=&#8220;none&#8220; image_loading=&#8220;default&#8220; max_width=&#8220;100%&#8220; max_width_mobile=&#8220;default&#8220;][divider line_type=&#8220;No Line&#8220; custom_height=&#8220;16&#8243;][image_with_animation image_url=&#8220;2903&#8243; animation=&#8220;Fade In&#8220; hover_animation=&#8220;none&#8220; alignment=&#8220;&#8220; border_radius=&#8220;none&#8220; box_shadow=&#8220;none&#8220; image_loading=&#8220;default&#8220; max_width=&#8220;100%&#8220; max_width_mobile=&#8220;default&#8220;][\/vc_column][vc_column column_padding=&#8220;no-extra-padding&#8220; column_padding_tablet=&#8220;inherit&#8220; column_padding_phone=&#8220;inherit&#8220; column_padding_position=&#8220;all&#8220; background_color_opacity=&#8220;1&#8243; background_hover_color_opacity=&#8220;1&#8243; column_shadow=&#8220;none&#8220; column_border_radius=&#8220;none&#8220; column_link_target=&#8220;_self&#8220; gradient_direction=&#8220;left_to_right&#8220; overlay_strength=&#8220;0.3&#8243; width=&#8220;2\/3&#8243; tablet_width_inherit=&#8220;default&#8220; tablet_text_alignment=&#8220;default&#8220; phone_text_alignment=&#8220;default&#8220; column_border_width=&#8220;none&#8220; column_border_style=&#8220;solid&#8220; bg_image_animation=&#8220;none&#8220; enable_animation=&#8220;true&#8220; animation=&#8220;fade-in&#8220; delay=&#8220;0&#8243;][vc_column_text]Die Verpackung von Tiernahrung stellt eine besondere Herausforderung dar, um die Qualit\u00e4t und Haltbarkeit der Produkte gew\u00e4hrleisten zu k\u00f6nnen. Eine effiziente und kosteng\u00fcnstige L\u00f6sung bietet unsere Chub-Verpackungsmaschine.<\/p>\n<p>Die Chub erm\u00f6glicht die Herstellung einer preiswerten Verpackung f\u00fcr Tiernahrungsprodukte, wobei entweder eine Folie mit hoher Barriere- und guter Schrumpfeigenschaft oder eine hei\u00dfsiegelf\u00e4hige Aluminiumverbundfolie verwendet werden kann.<\/p>\n<p>Vor der Chub-Maschine wird in den meisten F\u00e4llen ein Vakuumf\u00fcller eingesetzt, der das Produkt kontinuierlich zur Chub-Maschine pumpt. Hierbei ist lediglich eine Geradeausf\u00fcllung erforderlich, da die Dosierung mittels Volumen auf der Chub-Anlage erfolgt. Der Arbeitsschritt der Vorportionierung kann an dieser Stelle eingespart werden.<\/p>\n<p>Um eine optimale Haltbarkeit zu gew\u00e4hrleisten, kann die thermische Behandlung der Produkte in einem Autoklaven durchgef\u00fchrt werden. Dadurch k\u00f6nnen Kerntemperaturen von bis zu 125\u00b0C erreicht werden. Nach der Sterilisation und dem Abk\u00fchlprozess ist eine Reinigung und gleichzeitig eine Nachschrumpfung des Produkts erforderlich. Dies wird \u00fcblicherweise mit ca. 96\u00b0C hei\u00dfem Wasser durchgef\u00fchrt. Ein so behandeltes Produkt erreicht eine Haltbarkeit von etwa 6 Monaten. Bei Bedarf k\u00f6nnen auch Hei\u00dfabf\u00fcllungen durchgef\u00fchrt werden, bei denen das Produkt eine Temperatur von ca. 85\u00b0C aufweist.<\/p>\n<p>Dar\u00fcber hinaus bietet die Chub Maschine zus\u00e4tzliche Optionen wie den Einsatz eines Datierers oder Registrierers sowie das Aufbringen eines Aufrei\u00dfstreifens. Diese Funktionen k\u00f6nnen problemlos integriert werden, um den individuellen Anforderungen gerecht zu werden.<\/p>\n<p>Die Verpackung von Tiernahrung mit Chub-Anlagen \/ Clipmaschinen bietet eine effiziente und vielseitige L\u00f6sung, um hochwertige und langlebige Produkte herzustellen. Mit der M\u00f6glichkeit der individuellen Anpassung und verschiedenen Verpackungsoptionen ist die Chub-Technologie eine beliebte Wahl in der Tiernahrungsindustrie.[\/vc_column_text][divider line_type=&#8220;No Line&#8220; custom_height=&#8220;32&#8243;][\/vc_column][\/vc_row][vc_row type=&#8220;full_width_background&#8220; full_screen_row_position=&#8220;middle&#8220; column_margin=&#8220;default&#8220; column_direction=&#8220;default&#8220; column_direction_tablet=&#8220;default&#8220; column_direction_phone=&#8220;default&#8220; bg_color=&#8220;#118ed2&#8243; scene_position=&#8220;center&#8220; top_padding=&#8220;120&#8243; bottom_padding=&#8220;120&#8243; text_color=&#8220;light&#8220; text_align=&#8220;center&#8220; row_border_radius=&#8220;none&#8220; row_border_radius_applies=&#8220;bg&#8220; overlay_strength=&#8220;0.3&#8243; gradient_direction=&#8220;left_to_right&#8220; shape_divider_position=&#8220;bottom&#8220; bg_image_animation=&#8220;none&#8220; shape_type=&#8220;&#8220;][vc_column column_padding=&#8220;no-extra-padding&#8220; column_padding_tablet=&#8220;inherit&#8220; column_padding_phone=&#8220;inherit&#8220; column_padding_position=&#8220;all&#8220; background_color_opacity=&#8220;1&#8243; background_hover_color_opacity=&#8220;1&#8243; column_shadow=&#8220;none&#8220; column_border_radius=&#8220;none&#8220; column_link_target=&#8220;_self&#8220; gradient_direction=&#8220;left_to_right&#8220; overlay_strength=&#8220;0.3&#8243; width=&#8220;1\/1&#8243; tablet_width_inherit=&#8220;default&#8220; tablet_text_alignment=&#8220;default&#8220; phone_text_alignment=&#8220;default&#8220; column_border_width=&#8220;none&#8220; column_border_style=&#8220;solid&#8220; bg_image_animation=&#8220;none&#8220;][vc_column_text]\n<h1 style=\"text-align: center;\">Sie wollen wissen wie wir Sie unterst\u00fctzen k\u00f6nnen?<\/h1>\n<p style=\"text-align: center;\">[divider line_type=&#8220;No Line&#8220; custom_height=&#8220;30&#8243;]\n<p style=\"text-align: center;\"><a class=\"nectar-button n-sc-button large see-through has-icon\"  href=\"tel:+49%2026429303-0\" data-color-override=\"false\" data-hover-color-override=\"false\" data-hover-text-color-override=\"#fff\"><span>Anrufen<\/span><i class=\"icon-button-arrow\"><\/i><\/a>\u00a0 <a class=\"nectar-button n-sc-button large see-through has-icon\"  href=\"mailto:info@vermee.com\" data-color-override=\"false\" data-hover-color-override=\"false\" data-hover-text-color-override=\"#fff\"><span>Mail schreiben<\/span><i class=\"icon-button-arrow\"><\/i><\/a>\n[\/vc_column_text][\/vc_column][\/vc_row][vc_row type=&#8220;in_container&#8220; full_screen_row_position=&#8220;middle&#8220; column_margin=&#8220;default&#8220; column_direction=&#8220;default&#8220; column_direction_tablet=&#8220;default&#8220; column_direction_phone=&#8220;default&#8220; scene_position=&#8220;center&#8220; text_color=&#8220;dark&#8220; text_align=&#8220;left&#8220; row_border_radius=&#8220;none&#8220; row_border_radius_applies=&#8220;bg&#8220; overlay_strength=&#8220;0.3&#8243; gradient_direction=&#8220;left_to_right&#8220; shape_divider_position=&#8220;bottom&#8220; bg_image_animation=&#8220;none&#8220;][vc_column column_padding=&#8220;no-extra-padding&#8220; column_padding_tablet=&#8220;inherit&#8220; column_padding_phone=&#8220;inherit&#8220; column_padding_position=&#8220;all&#8220; background_color_opacity=&#8220;1&#8243; background_hover_color_opacity=&#8220;1&#8243; column_shadow=&#8220;none&#8220; column_border_radius=&#8220;none&#8220; column_link_target=&#8220;_self&#8220; gradient_direction=&#8220;left_to_right&#8220; overlay_strength=&#8220;0.3&#8243; width=&#8220;1\/2&#8243; tablet_width_inherit=&#8220;default&#8220; tablet_text_alignment=&#8220;default&#8220; phone_text_alignment=&#8220;default&#8220; column_border_width=&#8220;none&#8220; column_border_style=&#8220;solid&#8220; bg_image_animation=&#8220;none&#8220;][divider line_type=&#8220;No Line&#8220; custom_height=&#8220;64&#8243;]\n<div class=\"wpcf7 no-js\" id=\"wpcf7-f7-o1\" lang=\"de-DE\" dir=\"ltr\">\n<div class=\"screen-reader-response\"><p role=\"status\" aria-live=\"polite\" aria-atomic=\"true\"><\/p> <ul><\/ul><\/div>\n<form action=\"\/de\/wp-json\/wp\/v2\/pages\/6239#wpcf7-f7-o1\" method=\"post\" class=\"wpcf7-form init\" aria-label=\"Kontaktformular\" novalidate=\"novalidate\" data-status=\"init\">\n<div style=\"display: none;\">\n<input type=\"hidden\" name=\"_wpcf7\" value=\"7\" \/>\n<input type=\"hidden\" name=\"_wpcf7_version\" value=\"5.8.1\" \/>\n<input type=\"hidden\" name=\"_wpcf7_locale\" value=\"de_DE_formal\" \/>\n<input type=\"hidden\" name=\"_wpcf7_unit_tag\" value=\"wpcf7-f7-o1\" \/>\n<input type=\"hidden\" name=\"_wpcf7_container_post\" value=\"0\" \/>\n<input type=\"hidden\" name=\"_wpcf7_posted_data_hash\" value=\"\" \/>\n<\/div>\n<p><span class=\"wpcf7-form-control-wrap\" data-name=\"your-name\"><input size=\"40\" class=\"wpcf7-form-control wpcf7-text wpcf7-validates-as-required\" aria-required=\"true\" aria-invalid=\"false\" placeholder=\"Ihr Name*\" value=\"\" type=\"text\" name=\"your-name\" \/><\/span><span id=\"wpcf7-69f3230013dbe-wrapper\" class=\"wpcf7-form-control-wrap second-name-175-wrap\" style=\"display:none !important; visibility:hidden !important;\"><label for=\"wpcf7-69f3230013dbe-field\" class=\"hp-message\">Bitte lassen Sie dieses Feld leer.<\/label><input id=\"wpcf7-69f3230013dbe-field\"  class=\"wpcf7-form-control wpcf7-text\" type=\"text\" name=\"second-name-175\" value=\"\" size=\"40\" tabindex=\"-1\" autocomplete=\"new-password\" \/><\/span>\n<\/p>\n<p><span class=\"wpcf7-form-control-wrap\" data-name=\"your-email\"><input size=\"40\" class=\"wpcf7-form-control wpcf7-email wpcf7-validates-as-required wpcf7-text wpcf7-validates-as-email\" aria-required=\"true\" aria-invalid=\"false\" placeholder=\"Ihre E-Mail-Adresse*\" value=\"\" type=\"email\" name=\"your-email\" \/><\/span>\n<\/p>\n<p><span class=\"wpcf7-form-control-wrap\" data-name=\"company-name\"><input size=\"40\" class=\"wpcf7-form-control wpcf7-text wpcf7-validates-as-required\" aria-required=\"true\" aria-invalid=\"false\" placeholder=\"Firma*\" value=\"\" type=\"text\" name=\"company-name\" \/><\/span>\n<\/p>\n<p><span class=\"wpcf7-form-control-wrap\" data-name=\"your-subject\"><input size=\"40\" class=\"wpcf7-form-control wpcf7-text\" aria-invalid=\"false\" placeholder=\"Betreff*\" value=\"\" type=\"text\" name=\"your-subject\" \/><\/span>\n<\/p>\n<p><span class=\"wpcf7-form-control-wrap\" data-name=\"your-message\"><textarea cols=\"40\" rows=\"10\" class=\"wpcf7-form-control wpcf7-textarea\" aria-invalid=\"false\" placeholder=\"Ihre Nachricht\" name=\"your-message\"><\/textarea><\/span>\n<\/p>\n<p><input class=\"wpcf7-form-control wpcf7-submit has-spinner\" type=\"submit\" value=\"Senden\" \/>\n<\/p><div class=\"wpcf7-response-output\" aria-hidden=\"true\"><\/div>\n<\/form>\n<\/div>\n[\/vc_column][vc_column column_padding=&#8220;no-extra-padding&#8220; column_padding_tablet=&#8220;inherit&#8220; column_padding_phone=&#8220;inherit&#8220; column_padding_position=&#8220;all&#8220; background_color_opacity=&#8220;1&#8243; background_hover_color_opacity=&#8220;1&#8243; column_shadow=&#8220;none&#8220; column_border_radius=&#8220;none&#8220; column_link_target=&#8220;_self&#8220; gradient_direction=&#8220;left_to_right&#8220; overlay_strength=&#8220;0.3&#8243; width=&#8220;1\/2&#8243; tablet_width_inherit=&#8220;default&#8220; tablet_text_alignment=&#8220;default&#8220; phone_text_alignment=&#8220;default&#8220; column_border_width=&#8220;none&#8220; column_border_style=&#8220;solid&#8220; bg_image_animation=&#8220;none&#8220;][divider line_type=&#8220;No Line&#8220; custom_height=&#8220;64&#8243;][vc_column_text]Frans Vermee GmbH[\/vc_column_text][image_with_animation image_url=&#8220;3256&#8243; animation=&#8220;Fade In&#8220; hover_animation=&#8220;none&#8220; alignment=&#8220;&#8220; border_radius=&#8220;none&#8220; box_shadow=&#8220;none&#8220; image_loading=&#8220;default&#8220; max_width=&#8220;100%&#8220; max_width_mobile=&#8220;default&#8220;][vc_row_inner column_margin=&#8220;default&#8220; column_direction=&#8220;default&#8220; column_direction_tablet=&#8220;default&#8220; column_direction_phone=&#8220;default&#8220; text_align=&#8220;left&#8220;][vc_column_inner column_padding=&#8220;no-extra-padding&#8220; column_padding_tablet=&#8220;inherit&#8220; column_padding_phone=&#8220;inherit&#8220; column_padding_position=&#8220;all&#8220; background_color_opacity=&#8220;1&#8243; background_hover_color_opacity=&#8220;1&#8243; column_shadow=&#8220;none&#8220; column_border_radius=&#8220;none&#8220; column_link_target=&#8220;_self&#8220; gradient_direction=&#8220;left_to_right&#8220; overlay_strength=&#8220;0.3&#8243; width=&#8220;1\/2&#8243; tablet_width_inherit=&#8220;default&#8220; column_border_width=&#8220;none&#8220; column_border_style=&#8220;solid&#8220; bg_image_animation=&#8220;none&#8220;][vc_column_text]Frans Vermee GmbH<br \/>\nDieselstrasse 8<br \/>\nD-53424 Remagen[\/vc_column_text][\/vc_column_inner][vc_column_inner column_padding=&#8220;no-extra-padding&#8220; column_padding_tablet=&#8220;inherit&#8220; column_padding_phone=&#8220;inherit&#8220; column_padding_position=&#8220;all&#8220; background_color_opacity=&#8220;1&#8243; background_hover_color_opacity=&#8220;1&#8243; column_shadow=&#8220;none&#8220; column_border_radius=&#8220;none&#8220; column_link_target=&#8220;_self&#8220; gradient_direction=&#8220;left_to_right&#8220; overlay_strength=&#8220;0.3&#8243; width=&#8220;1\/2&#8243; tablet_width_inherit=&#8220;default&#8220; column_border_width=&#8220;none&#8220; column_border_style=&#8220;solid&#8220; bg_image_animation=&#8220;none&#8220;][vc_column_text]T.: +49 26 42 \u2013 93 03-0<br \/>\nF.: +49 26 42 \u2013 93 03-33<br \/>\nE.:\u00a0<a class=\"\" href=\"mailto:info@vermee.com\">info@vermee.com<\/a>[\/vc_column_text][\/vc_column_inner][\/vc_row_inner][divider line_type=&#8220;No Line&#8220; custom_height=&#8220;64&#8243;][\/vc_column][\/vc_row]\n","protected":false},"excerpt":{"rendered":"<p>[vc_row type=&#8220;full_width_content&#8220; full_screen_row_position=&#8220;middle&#8220; column_margin=&#8220;default&#8220; column_direction=&#8220;default&#8220; column_direction_tablet=&#8220;default&#8220; column_direction_phone=&#8220;default&#8220; bg_image=&#8220;3093&#8243; bg_position=&#8220;left top&#8220; bg_repeat=&#8220;no-repeat&#8220; scene_position=&#8220;center&#8220; top_padding=&#8220;8%&#8220; bottom_padding=&#8220;12%&#8220; text_color=&#8220;dark&#8220; text_align=&#8220;left&#8220; row_border_radius=&#8220;none&#8220; row_border_radius_applies=&#8220;bg&#8220; class=&#8220;hero-row&#8220; overlay_strength=&#8220;0.3&#8243; gradient_direction=&#8220;left_to_right&#8220; shape_divider_position=&#8220;bottom&#8220; bg_image_animation=&#8220;none&#8220; shape_type=&#8220;&#8220;][vc_column column_padding=&#8220;no-extra-padding&#8220; column_padding_tablet=&#8220;inherit&#8220; column_padding_phone=&#8220;inherit&#8220; column_padding_position=&#8220;all&#8220; centered_text=&#8220;true&#8220; background_color_opacity=&#8220;1&#8243;&#8230;<\/p>\n","protected":false},"author":2,"featured_media":0,"parent":0,"menu_order":35,"comment_status":"open","ping_status":"open","template":"","meta":{"footnotes":""},"yoast_head":"<!-- This site is optimized with the Yoast SEO plugin v21.4 - https:\/\/yoast.com\/wordpress\/plugins\/seo\/ -->\n<title>Vermee Packaging Technology | Verpackung von Tiernahrung<\/title>\n<meta name=\"description\" content=\"Abf\u00fcllung, Haltbarmachung und Verpackung von Tiernahrung? Informieren Sie sich jetzt \u00fcber unsere ma\u00dfgeschneiderten Verpackungsl\u00f6sungen!\" \/>\n<meta name=\"robots\" content=\"index, follow, max-snippet:-1, max-image-preview:large, max-video-preview:-1\" \/>\n<link rel=\"canonical\" href=\"https:\/\/vermee.com\/de\/tiernahrung-verpacken\/\" \/>\n<meta property=\"og:locale\" content=\"de_DE\" \/>\n<meta property=\"og:type\" content=\"article\" \/>\n<meta property=\"og:title\" content=\"Vermee Packaging Technology | Verpackung von Tiernahrung\" \/>\n<meta property=\"og:description\" content=\"Abf\u00fcllung, Haltbarmachung und Verpackung von Tiernahrung? Informieren Sie sich jetzt \u00fcber unsere ma\u00dfgeschneiderten Verpackungsl\u00f6sungen!\" \/>\n<meta property=\"og:url\" content=\"https:\/\/vermee.com\/de\/tiernahrung-verpacken\/\" \/>\n<meta property=\"og:site_name\" content=\"Vermee Packaging Technology\" \/>\n<meta property=\"article:modified_time\" content=\"2026-02-19T15:57:50+00:00\" \/>\n<meta name=\"twitter:card\" content=\"summary_large_image\" \/>\n<meta name=\"twitter:label1\" content=\"Gesch\u00e4tzte Lesezeit\" \/>\n\t<meta name=\"twitter:data1\" content=\"4\u00a0Minuten\" \/>\n<script type=\"application\/ld+json\" class=\"yoast-schema-graph\">{\"@context\":\"https:\/\/schema.org\",\"@graph\":[{\"@type\":\"WebPage\",\"@id\":\"https:\/\/vermee.com\/de\/tiernahrung-verpacken\/\",\"url\":\"https:\/\/vermee.com\/de\/tiernahrung-verpacken\/\",\"name\":\"Vermee Packaging Technology | Verpackung von Tiernahrung\",\"isPartOf\":{\"@id\":\"https:\/\/vermee.com\/de\/#website\"},\"datePublished\":\"2023-03-22T10:47:34+00:00\",\"dateModified\":\"2026-02-19T15:57:50+00:00\",\"description\":\"Abf\u00fcllung, Haltbarmachung und Verpackung von Tiernahrung? Informieren Sie sich jetzt \u00fcber unsere ma\u00dfgeschneiderten Verpackungsl\u00f6sungen!\",\"breadcrumb\":{\"@id\":\"https:\/\/vermee.com\/de\/tiernahrung-verpacken\/#breadcrumb\"},\"inLanguage\":\"de\",\"potentialAction\":[{\"@type\":\"ReadAction\",\"target\":[\"https:\/\/vermee.com\/de\/tiernahrung-verpacken\/\"]}]},{\"@type\":\"BreadcrumbList\",\"@id\":\"https:\/\/vermee.com\/de\/tiernahrung-verpacken\/#breadcrumb\",\"itemListElement\":[{\"@type\":\"ListItem\",\"position\":1,\"name\":\"Startseite\",\"item\":\"https:\/\/vermee.com\/de\/\"},{\"@type\":\"ListItem\",\"position\":2,\"name\":\"Verpackung von Tiernahrung\"}]},{\"@type\":\"WebSite\",\"@id\":\"https:\/\/vermee.com\/de\/#website\",\"url\":\"https:\/\/vermee.com\/de\/\",\"name\":\"Vermee Packaging Technology\",\"description\":\"\",\"potentialAction\":[{\"@type\":\"SearchAction\",\"target\":{\"@type\":\"EntryPoint\",\"urlTemplate\":\"https:\/\/vermee.com\/de\/?s={search_term_string}\"},\"query-input\":\"required name=search_term_string\"}],\"inLanguage\":\"de\"}]}<\/script>\n<!-- \/ Yoast SEO plugin. -->","yoast_head_json":{"title":"Vermee Packaging Technology | Verpackung von Tiernahrung","description":"Abf\u00fcllung, Haltbarmachung und Verpackung von Tiernahrung? Informieren Sie sich jetzt \u00fcber unsere ma\u00dfgeschneiderten Verpackungsl\u00f6sungen!","robots":{"index":"index","follow":"follow","max-snippet":"max-snippet:-1","max-image-preview":"max-image-preview:large","max-video-preview":"max-video-preview:-1"},"canonical":"https:\/\/vermee.com\/de\/tiernahrung-verpacken\/","og_locale":"de_DE","og_type":"article","og_title":"Vermee Packaging Technology | Verpackung von Tiernahrung","og_description":"Abf\u00fcllung, Haltbarmachung und Verpackung von Tiernahrung? Informieren Sie sich jetzt \u00fcber unsere ma\u00dfgeschneiderten Verpackungsl\u00f6sungen!","og_url":"https:\/\/vermee.com\/de\/tiernahrung-verpacken\/","og_site_name":"Vermee Packaging Technology","article_modified_time":"2026-02-19T15:57:50+00:00","twitter_card":"summary_large_image","twitter_misc":{"Gesch\u00e4tzte Lesezeit":"4\u00a0Minuten"},"schema":{"@context":"https:\/\/schema.org","@graph":[{"@type":"WebPage","@id":"https:\/\/vermee.com\/de\/tiernahrung-verpacken\/","url":"https:\/\/vermee.com\/de\/tiernahrung-verpacken\/","name":"Vermee Packaging Technology | Verpackung von Tiernahrung","isPartOf":{"@id":"https:\/\/vermee.com\/de\/#website"},"datePublished":"2023-03-22T10:47:34+00:00","dateModified":"2026-02-19T15:57:50+00:00","description":"Abf\u00fcllung, Haltbarmachung und Verpackung von Tiernahrung? Informieren Sie sich jetzt \u00fcber unsere ma\u00dfgeschneiderten Verpackungsl\u00f6sungen!","breadcrumb":{"@id":"https:\/\/vermee.com\/de\/tiernahrung-verpacken\/#breadcrumb"},"inLanguage":"de","potentialAction":[{"@type":"ReadAction","target":["https:\/\/vermee.com\/de\/tiernahrung-verpacken\/"]}]},{"@type":"BreadcrumbList","@id":"https:\/\/vermee.com\/de\/tiernahrung-verpacken\/#breadcrumb","itemListElement":[{"@type":"ListItem","position":1,"name":"Startseite","item":"https:\/\/vermee.com\/de\/"},{"@type":"ListItem","position":2,"name":"Verpackung von Tiernahrung"}]},{"@type":"WebSite","@id":"https:\/\/vermee.com\/de\/#website","url":"https:\/\/vermee.com\/de\/","name":"Vermee Packaging Technology","description":"","potentialAction":[{"@type":"SearchAction","target":{"@type":"EntryPoint","urlTemplate":"https:\/\/vermee.com\/de\/?s={search_term_string}"},"query-input":"required name=search_term_string"}],"inLanguage":"de"}]}},"_links":{"self":[{"href":"https:\/\/vermee.com\/de\/wp-json\/wp\/v2\/pages\/6239"}],"collection":[{"href":"https:\/\/vermee.com\/de\/wp-json\/wp\/v2\/pages"}],"about":[{"href":"https:\/\/vermee.com\/de\/wp-json\/wp\/v2\/types\/page"}],"author":[{"embeddable":true,"href":"https:\/\/vermee.com\/de\/wp-json\/wp\/v2\/users\/2"}],"replies":[{"embeddable":true,"href":"https:\/\/vermee.com\/de\/wp-json\/wp\/v2\/comments?post=6239"}],"version-history":[{"count":2,"href":"https:\/\/vermee.com\/de\/wp-json\/wp\/v2\/pages\/6239\/revisions"}],"predecessor-version":[{"id":6243,"href":"https:\/\/vermee.com\/de\/wp-json\/wp\/v2\/pages\/6239\/revisions\/6243"}],"wp:attachment":[{"href":"https:\/\/vermee.com\/de\/wp-json\/wp\/v2\/media?parent=6239"}],"curies":[{"name":"wp","href":"https:\/\/api.w.org\/{rel}","templated":true}]}}